{"id":25152,"date":"2026-03-30T21:21:36","date_gmt":"2026-03-30T21:21:36","guid":{"rendered":"https:\/\/mayatulum.com\/?page_id=25152"},"modified":"2026-03-30T22:52:15","modified_gmt":"2026-03-30T22:52:15","slug":"mapa","status":"publish","type":"page","link":"https:\/\/mayatulum.com\/en\/mapa\/","title":{"rendered":"Mapa"},"content":{"rendered":"\t\t<div data-elementor-type=\"wp-page\" data-elementor-id=\"25152\" class=\"elementor elementor-25152\" data-elementor-post-type=\"page\">\n\t\t\t\t<div class=\"elementor-element elementor-element-841d088 e-flex e-con-boxed e-con e-parent\" data-id=\"841d088\" data-element_type=\"container\" data-e-type=\"container\">\n\t\t\t\t\t<div class=\"e-con-inner\">\n\t\t\t\t<div class=\"elementor-element elementor-element-9421793 elementor-widget elementor-widget-shortcode\" data-id=\"9421793\" data-element_type=\"widget\" data-e-type=\"widget\" data-widget_type=\"shortcode.default\">\n\t\t\t\t<div class=\"elementor-widget-container\">\n\t\t\t\t\t\t\t<div class=\"elementor-shortcode\"><div class=\"vision-map vision-map-1\"data-json-src=\"https:\/\/mayatulum.com\/en\/wp-json\/vision\/v1\/item\/1\" data-item-id=\"1\" tabindex=\"1\"><div class=\"vision-img-placeholder\"><img decoding=\"async\" src=\"https:\/\/mayatulum.com\/wp-content\/uploads\/2026\/03\/ChatGPT-Image-31-mar-2026-11_05_12-a.m.png\" width=\"100%\"\/><\/div><div class=\"vision-store\" style=\"display:none;\"><div class=\"vision-layers-data\"><div class=\"vision-layer\" data-layer-id=\"00f11afa\"><\/div><\/div><div class=\"vision-tooltips-data\"><div class=\"vision-data\" data-layer-id=\"00f11afa\"><p><img decoding=\"async\" class=\"alignnone wp-image-18068\" src=\"https:\/\/mayatulum.com\/wp-content\/uploads\/2025\/12\/Oceanfront.webp_0002_Oceanfront-King-room_11zon-scaled-1-300x200.jpg\" alt=\"\" width=\"109\" height=\"73\" srcset=\"https:\/\/mayatulum.com\/wp-content\/uploads\/2025\/12\/Oceanfront.webp_0002_Oceanfront-King-room_11zon-scaled-1-300x200.jpg 300w, https:\/\/mayatulum.com\/wp-content\/uploads\/2025\/12\/Oceanfront.webp_0002_Oceanfront-King-room_11zon-scaled-1-1024x683.jpg 1024w, https:\/\/mayatulum.com\/wp-content\/uploads\/2025\/12\/Oceanfront.webp_0002_Oceanfront-King-room_11zon-scaled-1-768x512.jpg 768w, https:\/\/mayatulum.com\/wp-content\/uploads\/2025\/12\/Oceanfront.webp_0002_Oceanfront-King-room_11zon-scaled-1-1536x1024.jpg 1536w, https:\/\/mayatulum.com\/wp-content\/uploads\/2025\/12\/Oceanfront.webp_0002_Oceanfront-King-room_11zon-scaled-1-2048x1366.jpg 2048w, https:\/\/mayatulum.com\/wp-content\/uploads\/2025\/12\/Oceanfront.webp_0002_Oceanfront-King-room_11zon-scaled-1-18x12.jpg 18w\" sizes=\"(max-width: 109px) 100vw, 109px\" \/><\/p><\/div><\/div><div class=\"vision-popovers-data\"><div class=\"vision-data\" data-layer-id=\"00f11afa\"><p> <span style=\"font-size: 32px; font-weight: 400; font-family: 'Times New Roman', Times, serif; color: #000000;\"><br \/>Oceanfront One Bed<\/span> <br \/><br \/> <span style=\"font-size: 16px; line-height: 1.8; color: #555; text-align: justify; display: block; font-family: 'Raleway', sans-serif;\"> Situada en una ubicaci\u00f3n privilegiada frente al mar, esta suite de un dormitorio le invita a disfrutar de un refrescante retiro donde el mar y la selva conviven en perfecta armon\u00eda. <strong>Disfruta de momentos de renovaci\u00f3n en su minipiscina privada, rodeada de aguas cristalinas y relajantes sonidos naturales.<\/strong> Dise\u00f1ada cuidadosamente para equilibrar el confort, la elegancia y la privacidad, la suite ofrece espacios abiertos, luz suave y texturas relajantes que potencian una profunda sensaci\u00f3n de bienestar. Desde el amanecer junto al mar hasta las tranquilas noches en la selva, cada momento invita a la relajaci\u00f3n, la reconexi\u00f3n y <strong>una aut\u00e9ntica experiencia de lujo costero en Tulum.<\/strong> <br \/><br \/><br \/> <\/span> <img fetchpriority=\"high\" decoding=\"async\" class=\"alignleft wp-image-18068 size-medium\" src=\"https:\/\/mayatulum.com\/wp-content\/uploads\/2025\/12\/Oceanfront.webp_0002_Oceanfront-King-room_11zon-scaled-1-300x200.jpg\" alt=\"\" width=\"300\" height=\"200\" srcset=\"https:\/\/mayatulum.com\/wp-content\/uploads\/2025\/12\/Oceanfront.webp_0002_Oceanfront-King-room_11zon-scaled-1-300x200.jpg 300w, https:\/\/mayatulum.com\/wp-content\/uploads\/2025\/12\/Oceanfront.webp_0002_Oceanfront-King-room_11zon-scaled-1-1024x683.jpg 1024w, https:\/\/mayatulum.com\/wp-content\/uploads\/2025\/12\/Oceanfront.webp_0002_Oceanfront-King-room_11zon-scaled-1-768x512.jpg 768w, https:\/\/mayatulum.com\/wp-content\/uploads\/2025\/12\/Oceanfront.webp_0002_Oceanfront-King-room_11zon-scaled-1-1536x1024.jpg 1536w, https:\/\/mayatulum.com\/wp-content\/uploads\/2025\/12\/Oceanfront.webp_0002_Oceanfront-King-room_11zon-scaled-1-2048x1366.jpg 2048w, https:\/\/mayatulum.com\/wp-content\/uploads\/2025\/12\/Oceanfront.webp_0002_Oceanfront-King-room_11zon-scaled-1-18x12.jpg 18w\" sizes=\"(max-width: 300px) 100vw, 300px\" \/> <\/p><\/div><\/div><\/div><\/div><style>.vision-map-1 {background-color:rgba(242,0,0,0);}.vision-map-1 .vision-layers [data-layer-id=\"00f11afa\"] .vision-body {background-color:rgba(35,48,43,0.71);border-radius:1000px;}.vision-map-1 .vision-layers [data-layer-id=\"00f11afa\"] .vision-body:hover {background-color:rgba(250,211,140,0.56);}<\/style><\/div>\n\t\t\t\t\t\t<\/div>\n\t\t\t\t<\/div>\n\t\t\t\t\t<\/div>\n\t\t\t\t<\/div>\n\t\t\t\t<\/div>\n\t\t","protected":false},"excerpt":{"rendered":"","protected":false},"author":5,"featured_media":0,"parent":0,"menu_order":0,"comment_status":"closed","ping_status":"closed","template":"","meta":{"footnotes":""},"class_list":["post-25152","page","type-page","status-publish","hentry"],"_links":{"self":[{"href":"https:\/\/mayatulum.com\/en\/wp-json\/wp\/v2\/pages\/25152","targetHints":{"allow":["GET"]}}],"collection":[{"href":"https:\/\/mayatulum.com\/en\/wp-json\/wp\/v2\/pages"}],"about":[{"href":"https:\/\/mayatulum.com\/en\/wp-json\/wp\/v2\/types\/page"}],"author":[{"embeddable":true,"href":"https:\/\/mayatulum.com\/en\/wp-json\/wp\/v2\/users\/5"}],"replies":[{"embeddable":true,"href":"https:\/\/mayatulum.com\/en\/wp-json\/wp\/v2\/comments?post=25152"}],"version-history":[{"count":19,"href":"https:\/\/mayatulum.com\/en\/wp-json\/wp\/v2\/pages\/25152\/revisions"}],"predecessor-version":[{"id":25172,"href":"https:\/\/mayatulum.com\/en\/wp-json\/wp\/v2\/pages\/25152\/revisions\/25172"}],"wp:attachment":[{"href":"https:\/\/mayatulum.com\/en\/wp-json\/wp\/v2\/media?parent=25152"}],"curies":[{"name":"wp","href":"https:\/\/api.w.org\/{rel}","templated":true}]}}