{"id":21676,"date":"2026-02-17T17:53:45","date_gmt":"2026-02-17T17:53:45","guid":{"rendered":"https:\/\/mayatulum.com\/?page_id=21676"},"modified":"2026-03-25T19:03:24","modified_gmt":"2026-03-25T19:03:24","slug":"facturacion","status":"publish","type":"page","link":"https:\/\/mayatulum.com\/en\/facturacion\/","title":{"rendered":"Autobilling"},"content":{"rendered":"\t\t<div data-elementor-type=\"wp-page\" data-elementor-id=\"21676\" class=\"elementor elementor-21676\" data-elementor-post-type=\"page\">\n\t\t\t\t<div class=\"elementor-element elementor-element-4a03f218 e-flex e-con-boxed e-con e-parent\" data-id=\"4a03f218\" data-element_type=\"container\" data-e-type=\"container\" data-settings=\"{&quot;background_background&quot;:&quot;slideshow&quot;,&quot;background_slideshow_gallery&quot;:[{&quot;id&quot;:20179,&quot;url&quot;:&quot;https:\\\/\\\/mayatulum.com\\\/wp-content\\\/uploads\\\/2026\\\/02\\\/mayan-villa-capella_0000_1-mayan-villa-2.jpg&quot;},{&quot;id&quot;:19324,&quot;url&quot;:&quot;https:\\\/\\\/mayatulum.com\\\/wp-content\\\/uploads\\\/2026\\\/01\\\/50509544-4066-4dd2-81d5-06c7577289b4-3.jpg&quot;},{&quot;id&quot;:18897,&quot;url&quot;:&quot;https:\\\/\\\/mayatulum.com\\\/wp-content\\\/uploads\\\/2026\\\/01\\\/Suite-5.jpg&quot;}],&quot;background_slideshow_loop&quot;:&quot;yes&quot;,&quot;background_slideshow_slide_duration&quot;:5000,&quot;background_slideshow_slide_transition&quot;:&quot;fade&quot;,&quot;background_slideshow_transition_duration&quot;:500}\">\n\t\t\t\t\t<div class=\"e-con-inner\">\n\t\t\t\t\t<\/div>\n\t\t\t\t<\/div>\n\t\t<div class=\"elementor-element elementor-element-73d650fb e-flex e-con-boxed e-con e-parent\" data-id=\"73d650fb\" data-element_type=\"container\" data-e-type=\"container\">\n\t\t\t\t\t<div class=\"e-con-inner\">\n\t\t<div class=\"elementor-element elementor-element-5b89f0aa e-con-full e-flex e-con e-child\" data-id=\"5b89f0aa\" data-element_type=\"container\" data-e-type=\"container\">\n\t\t\t\t<div class=\"elementor-element elementor-element-1bb2fe77 animated-slow elementor-invisible elementor-widget elementor-widget-image\" data-id=\"1bb2fe77\" data-element_type=\"widget\" data-e-type=\"widget\" data-settings=\"{&quot;_animation&quot;:&quot;fadeInLeft&quot;}\" data-widget_type=\"image.default\">\n\t\t\t\t<div class=\"elementor-widget-container\">\n\t\t\t\t\t\t\t\t\t\t\t\t\t\t\t<img fetchpriority=\"high\" decoding=\"async\" width=\"800\" height=\"800\" src=\"https:\/\/mayatulum.com\/wp-content\/uploads\/2026\/03\/qr-code-2-1024x1024.png\" class=\"attachment-large size-large wp-image-23303\" alt=\"\" srcset=\"https:\/\/mayatulum.com\/wp-content\/uploads\/2026\/03\/qr-code-2-1024x1024.png 1024w, https:\/\/mayatulum.com\/wp-content\/uploads\/2026\/03\/qr-code-2-300x300.png 300w, https:\/\/mayatulum.com\/wp-content\/uploads\/2026\/03\/qr-code-2-150x150.png 150w, https:\/\/mayatulum.com\/wp-content\/uploads\/2026\/03\/qr-code-2-768x768.png 768w, https:\/\/mayatulum.com\/wp-content\/uploads\/2026\/03\/qr-code-2-12x12.png 12w, https:\/\/mayatulum.com\/wp-content\/uploads\/2026\/03\/qr-code-2.png 1147w\" sizes=\"(max-width: 800px) 100vw, 800px\" \/>\t\t\t\t\t\t\t\t\t\t\t\t\t\t\t<\/div>\n\t\t\t\t<\/div>\n\t\t\t\t<\/div>\n\t\t<div class=\"elementor-element elementor-element-3b9af6d4 e-con-full animated-slow e-flex elementor-invisible e-con e-child\" data-id=\"3b9af6d4\" data-element_type=\"container\" data-e-type=\"container\" data-settings=\"{&quot;animation&quot;:&quot;fadeInRight&quot;}\">\n\t\t\t\t<div class=\"elementor-element elementor-element-719801ae elementor-widget elementor-widget-image\" data-id=\"719801ae\" data-element_type=\"widget\" data-e-type=\"widget\" data-widget_type=\"image.default\">\n\t\t\t\t<div class=\"elementor-widget-container\">\n\t\t\t\t\t\t\t\t\t\t\t\t\t\t\t<img decoding=\"async\" width=\"150\" height=\"150\" src=\"https:\/\/mayatulum.com\/wp-content\/uploads\/2026\/02\/G-hotels-logo-300x300-1-150x150.png\" class=\"attachment-thumbnail size-thumbnail wp-image-21681\" alt=\"\" srcset=\"https:\/\/mayatulum.com\/wp-content\/uploads\/2026\/02\/G-hotels-logo-300x300-1-150x150.png 150w, https:\/\/mayatulum.com\/wp-content\/uploads\/2026\/02\/G-hotels-logo-300x300-1-300x300.png 300w, https:\/\/mayatulum.com\/wp-content\/uploads\/2026\/02\/G-hotels-logo-300x300-1-1024x1024.png 1024w, https:\/\/mayatulum.com\/wp-content\/uploads\/2026\/02\/G-hotels-logo-300x300-1-768x768.png 768w, https:\/\/mayatulum.com\/wp-content\/uploads\/2026\/02\/G-hotels-logo-300x300-1-12x12.png 12w, https:\/\/mayatulum.com\/wp-content\/uploads\/2026\/02\/G-hotels-logo-300x300-1.png 1200w\" sizes=\"(max-width: 150px) 100vw, 150px\" \/>\t\t\t\t\t\t\t\t\t\t\t\t\t\t\t<\/div>\n\t\t\t\t<\/div>\n\t\t\t\t<div class=\"elementor-element elementor-element-2c1ed0ce elementor-widget elementor-widget-text-editor\" data-id=\"2c1ed0ce\" data-element_type=\"widget\" data-e-type=\"widget\" data-widget_type=\"text-editor.default\">\n\t\t\t\t<div class=\"elementor-widget-container\">\n\t\t\t\t\t\t\t\t\t<p><b>Tramita tu factura con nuestro portal de auto-facturaci\u00f3n, es f\u00e1cil y r\u00e1pido.<\/b><\/p><p>1. Ingresa el n\u00famero de folio de tu reservaci\u00f3n.<\/p><p>2-Agrega el correo con el que te registraste.<\/p><p>3. Posteriormente llena tus datos fiscales, cuida que todo este bien escrito y sin errores o espacios en blanco en campos de RFC.<\/p>\t\t\t\t\t\t\t\t<\/div>\n\t\t\t\t<\/div>\n\t\t\t\t<div class=\"elementor-element elementor-element-2850558d elementor-align-center animated-slow elementor-invisible elementor-widget elementor-widget-button\" data-id=\"2850558d\" data-element_type=\"widget\" data-e-type=\"widget\" data-settings=\"{&quot;_animation&quot;:&quot;fadeInUp&quot;}\" data-widget_type=\"button.default\">\n\t\t\t\t<div class=\"elementor-widget-container\">\n\t\t\t\t\t\t\t\t\t<div class=\"elementor-button-wrapper\">\n\t\t\t\t\t<a class=\"elementor-button elementor-button-link elementor-size-sm elementor-animation-pulse\" href=\"https:\/\/hotel-req11.arpon.com\/Billing\/Billing?HotelId=e20c128f6fd64ef68ae595fe423d3903\">\n\t\t\t\t\t\t<span class=\"elementor-button-content-wrapper\">\n\t\t\t\t\t\t\t\t\t<span class=\"elementor-button-text\">Ve al portal de facturaci\u00f3n <\/span>\n\t\t\t\t\t<\/span>\n\t\t\t\t\t<\/a>\n\t\t\t\t<\/div>\n\t\t\t\t\t\t\t\t<\/div>\n\t\t\t\t<\/div>\n\t\t\t\t<\/div>\n\t\t\t\t\t<\/div>\n\t\t\t\t<\/div>\n\t\t<div class=\"elementor-element elementor-element-3a1bd006 e-flex e-con-boxed e-con e-parent\" data-id=\"3a1bd006\" data-element_type=\"container\" data-e-type=\"container\" data-settings=\"{&quot;background_background&quot;:&quot;classic&quot;}\">\n\t\t\t\t\t<div class=\"e-con-inner\">\n\t\t\t\t<div class=\"elementor-element elementor-element-2ab5535f elementor-widget elementor-widget-image\" data-id=\"2ab5535f\" data-element_type=\"widget\" data-e-type=\"widget\" data-widget_type=\"image.default\">\n\t\t\t\t<div class=\"elementor-widget-container\">\n\t\t\t\t\t\t\t\t\t\t\t\t\t\t\t<img decoding=\"async\" width=\"800\" height=\"94\" src=\"https:\/\/mayatulum.com\/wp-content\/uploads\/2026\/02\/GHotels_Banner_GraciasPorTuReserva.gif\" class=\"attachment-large size-large wp-image-21682\" alt=\"\" \/>\t\t\t\t\t\t\t\t\t\t\t\t\t\t\t<\/div>\n\t\t\t\t<\/div>\n\t\t\t\t\t<\/div>\n\t\t\t\t<\/div>\n\t\t\t\t<\/div>\n\t\t","protected":false},"excerpt":{"rendered":"<p>Tramita tu factura con nuestro portal de auto-facturaci\u00f3n, es f\u00e1cil y r\u00e1pido. 1. Ingresa el n\u00famero de folio de tu reservaci\u00f3n. 2-Agrega el correo con el que te registraste. 3. Posteriormente llena tus datos fiscales, cuida que todo este bien escrito y sin errores o espacios en blanco en campos de RFC. Ve al portal [&hellip;]<\/p>\n","protected":false},"author":1,"featured_media":0,"parent":0,"menu_order":0,"comment_status":"closed","ping_status":"closed","template":"","meta":{"footnotes":""},"class_list":["post-21676","page","type-page","status-publish","hentry"],"_links":{"self":[{"href":"https:\/\/mayatulum.com\/en\/wp-json\/wp\/v2\/pages\/21676","targetHints":{"allow":["GET"]}}],"collection":[{"href":"https:\/\/mayatulum.com\/en\/wp-json\/wp\/v2\/pages"}],"about":[{"href":"https:\/\/mayatulum.com\/en\/wp-json\/wp\/v2\/types\/page"}],"author":[{"embeddable":true,"href":"https:\/\/mayatulum.com\/en\/wp-json\/wp\/v2\/users\/1"}],"replies":[{"embeddable":true,"href":"https:\/\/mayatulum.com\/en\/wp-json\/wp\/v2\/comments?post=21676"}],"version-history":[{"count":25,"href":"https:\/\/mayatulum.com\/en\/wp-json\/wp\/v2\/pages\/21676\/revisions"}],"predecessor-version":[{"id":24324,"href":"https:\/\/mayatulum.com\/en\/wp-json\/wp\/v2\/pages\/21676\/revisions\/24324"}],"wp:attachment":[{"href":"https:\/\/mayatulum.com\/en\/wp-json\/wp\/v2\/media?parent=21676"}],"curies":[{"name":"wp","href":"https:\/\/api.w.org\/{rel}","templated":true}]}}